{"id":56,"date":"2022-01-20T16:55:32","date_gmt":"2022-01-20T16:55:32","guid":{"rendered":"https:\/\/www.udap.cz\/?page_id=56"},"modified":"2023-05-25T08:12:58","modified_gmt":"2023-05-25T08:12:58","slug":"uvod","status":"publish","type":"page","link":"https:\/\/www.udap.cz\/","title":{"rendered":"\u00davod"},"content":{"rendered":"\n<p>V\u00edtejte na na\u0161em webu!<\/p>\n\n\n\n<p>Jsme profesion\u00e1ln\u00ed firma specializuj\u00edc\u00ed se na \u0159e\u0161en\u00ed dan\u00ed, \u00fa\u010detnictv\u00ed a poskytov\u00e1n\u00ed poradenstv\u00ed v t\u011bchto kl\u00ed\u010dov\u00fdch oblastech. S na\u0161\u00ed odbornost\u00ed a zku\u0161enostmi jsme zde, abychom v\u00e1m pomohli s va\u0161imi finan\u010dn\u00edmi pot\u0159ebami a zajistili, \u017ee va\u0161e podnik\u00e1n\u00ed bude pln\u011b v souladu s p\u0159\u00edslu\u0161n\u00fdmi pr\u00e1vn\u00edmi p\u0159edpisy.<\/p>\n\n\n\n<p>Na\u0161e s\u00eddlo je v Bohum\u00edn\u011b a p\u016fsob\u00edme v cel\u00e9m Moravskoslezsk\u00e9m kraji. Jsme py\u0161n\u00ed na na\u0161i schopnost poskytovat kvalitn\u00ed slu\u017eby na\u0161im klient\u016fm, a\u0165 u\u017e jsou to jednotlivci, mal\u00e9 nebo st\u0159edn\u00ed podniky. D\u00edky na\u0161emu detailn\u00edmu p\u0159\u00edstupu a znalostem v oblasti dan\u00ed a \u00fa\u010detnictv\u00ed se v\u017edy sna\u017e\u00edme dos\u00e1hnout optim\u00e1ln\u00edch v\u00fdsledk\u016f pro na\u0161e klienty.<\/p>\n\n\n\n<p>Na\u0161e slu\u017eby zahrnuj\u00ed kompletn\u00ed spr\u00e1vu \u00fa\u010detnictv\u00ed, v\u010detn\u011b veden\u00ed \u00fa\u010detn\u00edch z\u00e1znam\u016f, sestavov\u00e1n\u00ed finan\u010dn\u00edch v\u00fdkaz\u016f a p\u0159\u00edpravy da\u0148ov\u00fdch p\u0159izn\u00e1n\u00ed. Pom\u00e1h\u00e1me v\u00e1m spr\u00e1vn\u011b a efektivn\u011b zaznamen\u00e1vat va\u0161e finan\u010dn\u00ed transakce a zajistit, aby va\u0161e \u00fa\u010detn\u00ed knihy byly v souladu s platn\u00fdmi p\u0159edpisy.<\/p>\n\n\n\n<p>V oblasti dan\u00ed v\u00e1m poskytujeme odborn\u00e9 poradenstv\u00ed a pom\u00e1h\u00e1me v\u00e1m pl\u00e1novat a optimalizovat va\u0161e da\u0148ov\u00e9 povinnosti. Na\u0161i odborn\u00edci v\u00e1s provedou slo\u017eit\u00fdm da\u0148ov\u00fdm syst\u00e9mem, abyste mohli vyu\u017e\u00edt v\u0161ech mo\u017enost\u00ed a minimalizovat sv\u00e9 da\u0148ov\u00e9 z\u00e1vazky.<\/p>\n\n\n\n<p>Z\u00e1rove\u0148 jsme zku\u0161en\u00ed v oblasti firemn\u00edch kultur, v\u010detn\u011b v\u00fdroby a spr\u00e1vy skladov\u00fdch z\u00e1sob. Porad\u00edme v\u00e1m s procesy \u0159\u00edzen\u00ed skladu a pom\u016f\u017eeme v\u00e1m optimalizovat va\u0161e obchodn\u00ed operace, abyste dos\u00e1hli co nejlep\u0161\u00edch v\u00fdsledk\u016f.<\/p>\n\n\n\n<p>Na\u0161e hlavn\u00ed prioritou je va\u0161e spokojenost a dlouhodob\u00fd \u00fasp\u011bch. Spolupracujeme s v\u00e1mi individu\u00e1ln\u011b a p\u0159izp\u016fsobujeme na\u0161e slu\u017eby va\u0161im konkr\u00e9tn\u00edm pot\u0159eb\u00e1m. S n\u00e1mi budete m\u00edt jistotu, \u017ee va\u0161e finan\u010dn\u00ed z\u00e1le\u017eitosti jsou v pe\u010dliv\u00fdch rukou odborn\u00edk\u016f.<\/p>\n\n\n\n<p>Pokud hled\u00e1te spolehliv\u00e9ho partnera pro \u0159e\u0161en\u00ed dan\u00ed, \u00fa\u010detnictv\u00ed a poradenstv\u00ed, nev\u00e1hejte n\u00e1s kontaktovat. R\u00e1di v\u00e1m pom\u016f\u017eeme dos\u00e1hnout finan\u010dn\u00ed stability a \u00fasp\u011bchu pro va\u0161e podnik\u00e1n\u00ed.<\/p>\n\n\n\n<p><\/p>\n\n\n\n<p><\/p>\n","protected":false},"excerpt":{"rendered":"<p>V\u00edtejte na na\u0161em webu! Jsme profesion\u00e1ln\u00ed firma specializuj\u00edc\u00ed se na \u0159e\u0161en\u00ed dan\u00ed, \u00fa\u010detnictv\u00ed a poskytov\u00e1n\u00ed poradenstv\u00ed v t\u011bchto kl\u00ed\u010dov\u00fdch oblastech. S na\u0161\u00ed odbornost\u00ed a zku\u0161enostmi jsme zde, abychom v\u00e1m pomohli s va\u0161imi finan\u010dn\u00edmi pot\u0159ebami a zajistili, \u017ee va\u0161e podnik\u00e1n\u00ed bude pln\u011b v souladu s p\u0159\u00edslu\u0161n\u00fdmi pr\u00e1vn\u00edmi p\u0159edpisy. Na\u0161e s\u00eddlo je v Bohum\u00edn\u011b a p\u016fsob\u00edme v <a href=\"https:\/\/www.udap.cz\/\" class=\"read-more inline\">Read More<\/a><\/p>\n","protected":false},"author":1,"featured_media":0,"parent":0,"menu_order":0,"comment_status":"closed","ping_status":"closed","template":"","meta":{"_mi_skip_tracking":false,"footnotes":""},"class_list":["post-56","page","type-page","status-publish","hentry"],"yoast_head":"<!-- This site is optimized with the Yoast SEO plugin v27.4 - https:\/\/yoast.com\/product\/yoast-seo-wordpress\/ -->\n<title>\u00davod -<\/title>\n<meta name=\"robots\" content=\"index, follow, max-snippet:-1, max-image-preview:large, max-video-preview:-1\" \/>\n<link rel=\"canonical\" href=\"https:\/\/www.udap.cz\/\" \/>\n<meta property=\"og:locale\" content=\"cs_CZ\" \/>\n<meta property=\"og:type\" content=\"article\" \/>\n<meta property=\"og:title\" content=\"\u00davod -\" \/>\n<meta property=\"og:description\" content=\"V\u00edtejte na na\u0161em webu! Jsme profesion\u00e1ln\u00ed firma specializuj\u00edc\u00ed se na \u0159e\u0161en\u00ed dan\u00ed, \u00fa\u010detnictv\u00ed a poskytov\u00e1n\u00ed poradenstv\u00ed v t\u011bchto kl\u00ed\u010dov\u00fdch oblastech. S na\u0161\u00ed odbornost\u00ed a zku\u0161enostmi jsme zde, abychom v\u00e1m pomohli s va\u0161imi finan\u010dn\u00edmi pot\u0159ebami a zajistili, \u017ee va\u0161e podnik\u00e1n\u00ed bude pln\u011b v souladu s p\u0159\u00edslu\u0161n\u00fdmi pr\u00e1vn\u00edmi p\u0159edpisy. Na\u0161e s\u00eddlo je v Bohum\u00edn\u011b a p\u016fsob\u00edme v Read More\" \/>\n<meta property=\"og:url\" content=\"https:\/\/www.udap.cz\/\" \/>\n<meta property=\"article:modified_time\" content=\"2023-05-25T08:12:58+00:00\" \/>\n<meta name=\"twitter:card\" content=\"summary_large_image\" \/>\n<meta name=\"twitter:label1\" content=\"Odhadovan\u00e1 doba \u010dten\u00ed\" \/>\n\t<meta name=\"twitter:data1\" content=\"1 minuta\" \/>\n<script type=\"application\/ld+json\" class=\"yoast-schema-graph\">{\"@context\":\"https:\\\/\\\/schema.org\",\"@graph\":[{\"@type\":\"WebPage\",\"@id\":\"https:\\\/\\\/www.udap.cz\\\/\",\"url\":\"https:\\\/\\\/www.udap.cz\\\/\",\"name\":\"\u00davod -\",\"isPartOf\":{\"@id\":\"https:\\\/\\\/www.udap.cz\\\/#website\"},\"datePublished\":\"2022-01-20T16:55:32+00:00\",\"dateModified\":\"2023-05-25T08:12:58+00:00\",\"breadcrumb\":{\"@id\":\"https:\\\/\\\/www.udap.cz\\\/#breadcrumb\"},\"inLanguage\":\"cs\",\"potentialAction\":[{\"@type\":\"ReadAction\",\"target\":[\"https:\\\/\\\/www.udap.cz\\\/\"]}]},{\"@type\":\"BreadcrumbList\",\"@id\":\"https:\\\/\\\/www.udap.cz\\\/#breadcrumb\",\"itemListElement\":[{\"@type\":\"ListItem\",\"position\":1,\"name\":\"Dom\u016f\",\"item\":\"https:\\\/\\\/www.udap.cz\\\/\"},{\"@type\":\"ListItem\",\"position\":2,\"name\":\"\u00davod\"}]},{\"@type\":\"WebSite\",\"@id\":\"https:\\\/\\\/www.udap.cz\\\/#website\",\"url\":\"https:\\\/\\\/www.udap.cz\\\/\",\"name\":\"\",\"description\":\"Kde je v\u016fle, tam je cesta...\",\"publisher\":{\"@id\":\"https:\\\/\\\/www.udap.cz\\\/#organization\"},\"potentialAction\":[{\"@type\":\"SearchAction\",\"target\":{\"@type\":\"EntryPoint\",\"urlTemplate\":\"https:\\\/\\\/www.udap.cz\\\/?s={search_term_string}\"},\"query-input\":{\"@type\":\"PropertyValueSpecification\",\"valueRequired\":true,\"valueName\":\"search_term_string\"}}],\"inLanguage\":\"cs\"},{\"@type\":\"Organization\",\"@id\":\"https:\\\/\\\/www.udap.cz\\\/#organization\",\"name\":\"udap\",\"url\":\"https:\\\/\\\/www.udap.cz\\\/\",\"logo\":{\"@type\":\"ImageObject\",\"inLanguage\":\"cs\",\"@id\":\"https:\\\/\\\/www.udap.cz\\\/#\\\/schema\\\/logo\\\/image\\\/\",\"url\":\"https:\\\/\\\/www.udap.cz\\\/wp-content\\\/uploads\\\/2022\\\/01\\\/cropped-20220120_170847-scaled-e1642696208270.jpg\",\"contentUrl\":\"https:\\\/\\\/www.udap.cz\\\/wp-content\\\/uploads\\\/2022\\\/01\\\/cropped-20220120_170847-scaled-e1642696208270.jpg\",\"width\":1499,\"height\":444,\"caption\":\"udap\"},\"image\":{\"@id\":\"https:\\\/\\\/www.udap.cz\\\/#\\\/schema\\\/logo\\\/image\\\/\"},\"sameAs\":[\"https:\\\/\\\/cs.wikipedia.org\"]}]}<\/script>\n<!-- \/ Yoast SEO plugin. -->","yoast_head_json":{"title":"\u00davod -","robots":{"index":"index","follow":"follow","max-snippet":"max-snippet:-1","max-image-preview":"max-image-preview:large","max-video-preview":"max-video-preview:-1"},"canonical":"https:\/\/www.udap.cz\/","og_locale":"cs_CZ","og_type":"article","og_title":"\u00davod -","og_description":"V\u00edtejte na na\u0161em webu! Jsme profesion\u00e1ln\u00ed firma specializuj\u00edc\u00ed se na \u0159e\u0161en\u00ed dan\u00ed, \u00fa\u010detnictv\u00ed a poskytov\u00e1n\u00ed poradenstv\u00ed v t\u011bchto kl\u00ed\u010dov\u00fdch oblastech. S na\u0161\u00ed odbornost\u00ed a zku\u0161enostmi jsme zde, abychom v\u00e1m pomohli s va\u0161imi finan\u010dn\u00edmi pot\u0159ebami a zajistili, \u017ee va\u0161e podnik\u00e1n\u00ed bude pln\u011b v souladu s p\u0159\u00edslu\u0161n\u00fdmi pr\u00e1vn\u00edmi p\u0159edpisy. Na\u0161e s\u00eddlo je v Bohum\u00edn\u011b a p\u016fsob\u00edme v Read More","og_url":"https:\/\/www.udap.cz\/","article_modified_time":"2023-05-25T08:12:58+00:00","twitter_card":"summary_large_image","twitter_misc":{"Odhadovan\u00e1 doba \u010dten\u00ed":"1 minuta"},"schema":{"@context":"https:\/\/schema.org","@graph":[{"@type":"WebPage","@id":"https:\/\/www.udap.cz\/","url":"https:\/\/www.udap.cz\/","name":"\u00davod -","isPartOf":{"@id":"https:\/\/www.udap.cz\/#website"},"datePublished":"2022-01-20T16:55:32+00:00","dateModified":"2023-05-25T08:12:58+00:00","breadcrumb":{"@id":"https:\/\/www.udap.cz\/#breadcrumb"},"inLanguage":"cs","potentialAction":[{"@type":"ReadAction","target":["https:\/\/www.udap.cz\/"]}]},{"@type":"BreadcrumbList","@id":"https:\/\/www.udap.cz\/#breadcrumb","itemListElement":[{"@type":"ListItem","position":1,"name":"Dom\u016f","item":"https:\/\/www.udap.cz\/"},{"@type":"ListItem","position":2,"name":"\u00davod"}]},{"@type":"WebSite","@id":"https:\/\/www.udap.cz\/#website","url":"https:\/\/www.udap.cz\/","name":"","description":"Kde je v\u016fle, tam je cesta...","publisher":{"@id":"https:\/\/www.udap.cz\/#organization"},"potentialAction":[{"@type":"SearchAction","target":{"@type":"EntryPoint","urlTemplate":"https:\/\/www.udap.cz\/?s={search_term_string}"},"query-input":{"@type":"PropertyValueSpecification","valueRequired":true,"valueName":"search_term_string"}}],"inLanguage":"cs"},{"@type":"Organization","@id":"https:\/\/www.udap.cz\/#organization","name":"udap","url":"https:\/\/www.udap.cz\/","logo":{"@type":"ImageObject","inLanguage":"cs","@id":"https:\/\/www.udap.cz\/#\/schema\/logo\/image\/","url":"https:\/\/www.udap.cz\/wp-content\/uploads\/2022\/01\/cropped-20220120_170847-scaled-e1642696208270.jpg","contentUrl":"https:\/\/www.udap.cz\/wp-content\/uploads\/2022\/01\/cropped-20220120_170847-scaled-e1642696208270.jpg","width":1499,"height":444,"caption":"udap"},"image":{"@id":"https:\/\/www.udap.cz\/#\/schema\/logo\/image\/"},"sameAs":["https:\/\/cs.wikipedia.org"]}]}},"_links":{"self":[{"href":"https:\/\/www.udap.cz\/index.php?rest_route=\/wp\/v2\/pages\/56","targetHints":{"allow":["GET"]}}],"collection":[{"href":"https:\/\/www.udap.cz\/index.php?rest_route=\/wp\/v2\/pages"}],"about":[{"href":"https:\/\/www.udap.cz\/index.php?rest_route=\/wp\/v2\/types\/page"}],"author":[{"embeddable":true,"href":"https:\/\/www.udap.cz\/index.php?rest_route=\/wp\/v2\/users\/1"}],"replies":[{"embeddable":true,"href":"https:\/\/www.udap.cz\/index.php?rest_route=%2Fwp%2Fv2%2Fcomments&post=56"}],"version-history":[{"count":11,"href":"https:\/\/www.udap.cz\/index.php?rest_route=\/wp\/v2\/pages\/56\/revisions"}],"predecessor-version":[{"id":186,"href":"https:\/\/www.udap.cz\/index.php?rest_route=\/wp\/v2\/pages\/56\/revisions\/186"}],"wp:attachment":[{"href":"https:\/\/www.udap.cz\/index.php?rest_route=%2Fwp%2Fv2%2Fmedia&parent=56"}],"curies":[{"name":"wp","href":"https:\/\/api.w.org\/{rel}","templated":true}]}}