{"id":21,"date":"2022-01-20T16:27:52","date_gmt":"2022-01-20T16:27:52","guid":{"rendered":"https:\/\/www.udap.cz\/?page_id=21"},"modified":"2023-03-18T07:41:36","modified_gmt":"2023-03-18T07:41:36","slug":"kontakt","status":"publish","type":"page","link":"https:\/\/www.udap.cz\/?page_id=21","title":{"rendered":"Kontakt"},"content":{"rendered":"<p><strong>Ing.<\/strong> Jana Farn\u00edkov\u00e1<br \/><strong>Tel:<\/strong> 773 157 909<br \/><strong>Email:<\/strong> <a href=\"mailto:info@udap.cz\">info@udap.cz<\/a><\/p>\n\n\n<p><\/p>\n","protected":false},"excerpt":{"rendered":"<p>Ing. Jana Farn\u00edkov\u00e1Tel: 773 157 909Email: info@udap.cz<\/p>\n","protected":false},"author":1,"featured_media":0,"parent":0,"menu_order":0,"comment_status":"closed","ping_status":"closed","template":"","meta":{"_mi_skip_tracking":false,"footnotes":""},"class_list":["post-21","page","type-page","status-publish","hentry"],"yoast_head":"<!-- This site is optimized with the Yoast SEO plugin v27.5 - https:\/\/yoast.com\/product\/yoast-seo-wordpress\/ -->\n<title>Kontakt -<\/title>\n<meta name=\"robots\" content=\"index, follow, max-snippet:-1, max-image-preview:large, max-video-preview:-1\" \/>\n<link rel=\"canonical\" href=\"https:\/\/www.udap.cz\/?page_id=21\" \/>\n<meta property=\"og:locale\" content=\"cs_CZ\" \/>\n<meta property=\"og:type\" content=\"article\" \/>\n<meta property=\"og:title\" content=\"Kontakt -\" \/>\n<meta property=\"og:description\" content=\"Ing. Jana Farn\u00edkov\u00e1Tel: 773 157 909Email: info@udap.cz\" \/>\n<meta property=\"og:url\" content=\"https:\/\/www.udap.cz\/?page_id=21\" \/>\n<meta property=\"article:modified_time\" content=\"2023-03-18T07:41:36+00:00\" \/>\n<meta name=\"twitter:card\" content=\"summary_large_image\" \/>\n<meta name=\"twitter:label1\" content=\"Odhadovan\u00e1 doba \u010dten\u00ed\" \/>\n\t<meta name=\"twitter:data1\" content=\"1 minuta\" \/>\n<script type=\"application\/ld+json\" class=\"yoast-schema-graph\">{\"@context\":\"https:\\\/\\\/schema.org\",\"@graph\":[{\"@type\":\"WebPage\",\"@id\":\"https:\\\/\\\/www.udap.cz\\\/?page_id=21\",\"url\":\"https:\\\/\\\/www.udap.cz\\\/?page_id=21\",\"name\":\"Kontakt -\",\"isPartOf\":{\"@id\":\"https:\\\/\\\/www.udap.cz\\\/#website\"},\"datePublished\":\"2022-01-20T16:27:52+00:00\",\"dateModified\":\"2023-03-18T07:41:36+00:00\",\"breadcrumb\":{\"@id\":\"https:\\\/\\\/www.udap.cz\\\/?page_id=21#breadcrumb\"},\"inLanguage\":\"cs\",\"potentialAction\":[{\"@type\":\"ReadAction\",\"target\":[\"https:\\\/\\\/www.udap.cz\\\/?page_id=21\"]}]},{\"@type\":\"BreadcrumbList\",\"@id\":\"https:\\\/\\\/www.udap.cz\\\/?page_id=21#breadcrumb\",\"itemListElement\":[{\"@type\":\"ListItem\",\"position\":1,\"name\":\"Dom\u016f\",\"item\":\"https:\\\/\\\/www.udap.cz\\\/\"},{\"@type\":\"ListItem\",\"position\":2,\"name\":\"Kontakt\"}]},{\"@type\":\"WebSite\",\"@id\":\"https:\\\/\\\/www.udap.cz\\\/#website\",\"url\":\"https:\\\/\\\/www.udap.cz\\\/\",\"name\":\"\",\"description\":\"Kde je v\u016fle, tam je cesta...\",\"publisher\":{\"@id\":\"https:\\\/\\\/www.udap.cz\\\/#organization\"},\"potentialAction\":[{\"@type\":\"SearchAction\",\"target\":{\"@type\":\"EntryPoint\",\"urlTemplate\":\"https:\\\/\\\/www.udap.cz\\\/?s={search_term_string}\"},\"query-input\":{\"@type\":\"PropertyValueSpecification\",\"valueRequired\":true,\"valueName\":\"search_term_string\"}}],\"inLanguage\":\"cs\"},{\"@type\":\"Organization\",\"@id\":\"https:\\\/\\\/www.udap.cz\\\/#organization\",\"name\":\"udap\",\"url\":\"https:\\\/\\\/www.udap.cz\\\/\",\"logo\":{\"@type\":\"ImageObject\",\"inLanguage\":\"cs\",\"@id\":\"https:\\\/\\\/www.udap.cz\\\/#\\\/schema\\\/logo\\\/image\\\/\",\"url\":\"https:\\\/\\\/www.udap.cz\\\/wp-content\\\/uploads\\\/2022\\\/01\\\/cropped-20220120_170847-scaled-e1642696208270.jpg\",\"contentUrl\":\"https:\\\/\\\/www.udap.cz\\\/wp-content\\\/uploads\\\/2022\\\/01\\\/cropped-20220120_170847-scaled-e1642696208270.jpg\",\"width\":1499,\"height\":444,\"caption\":\"udap\"},\"image\":{\"@id\":\"https:\\\/\\\/www.udap.cz\\\/#\\\/schema\\\/logo\\\/image\\\/\"},\"sameAs\":[\"https:\\\/\\\/cs.wikipedia.org\"]}]}<\/script>\n<!-- \/ Yoast SEO plugin. -->","yoast_head_json":{"title":"Kontakt -","robots":{"index":"index","follow":"follow","max-snippet":"max-snippet:-1","max-image-preview":"max-image-preview:large","max-video-preview":"max-video-preview:-1"},"canonical":"https:\/\/www.udap.cz\/?page_id=21","og_locale":"cs_CZ","og_type":"article","og_title":"Kontakt -","og_description":"Ing. Jana Farn\u00edkov\u00e1Tel: 773 157 909Email: info@udap.cz","og_url":"https:\/\/www.udap.cz\/?page_id=21","article_modified_time":"2023-03-18T07:41:36+00:00","twitter_card":"summary_large_image","twitter_misc":{"Odhadovan\u00e1 doba \u010dten\u00ed":"1 minuta"},"schema":{"@context":"https:\/\/schema.org","@graph":[{"@type":"WebPage","@id":"https:\/\/www.udap.cz\/?page_id=21","url":"https:\/\/www.udap.cz\/?page_id=21","name":"Kontakt -","isPartOf":{"@id":"https:\/\/www.udap.cz\/#website"},"datePublished":"2022-01-20T16:27:52+00:00","dateModified":"2023-03-18T07:41:36+00:00","breadcrumb":{"@id":"https:\/\/www.udap.cz\/?page_id=21#breadcrumb"},"inLanguage":"cs","potentialAction":[{"@type":"ReadAction","target":["https:\/\/www.udap.cz\/?page_id=21"]}]},{"@type":"BreadcrumbList","@id":"https:\/\/www.udap.cz\/?page_id=21#breadcrumb","itemListElement":[{"@type":"ListItem","position":1,"name":"Dom\u016f","item":"https:\/\/www.udap.cz\/"},{"@type":"ListItem","position":2,"name":"Kontakt"}]},{"@type":"WebSite","@id":"https:\/\/www.udap.cz\/#website","url":"https:\/\/www.udap.cz\/","name":"","description":"Kde je v\u016fle, tam je cesta...","publisher":{"@id":"https:\/\/www.udap.cz\/#organization"},"potentialAction":[{"@type":"SearchAction","target":{"@type":"EntryPoint","urlTemplate":"https:\/\/www.udap.cz\/?s={search_term_string}"},"query-input":{"@type":"PropertyValueSpecification","valueRequired":true,"valueName":"search_term_string"}}],"inLanguage":"cs"},{"@type":"Organization","@id":"https:\/\/www.udap.cz\/#organization","name":"udap","url":"https:\/\/www.udap.cz\/","logo":{"@type":"ImageObject","inLanguage":"cs","@id":"https:\/\/www.udap.cz\/#\/schema\/logo\/image\/","url":"https:\/\/www.udap.cz\/wp-content\/uploads\/2022\/01\/cropped-20220120_170847-scaled-e1642696208270.jpg","contentUrl":"https:\/\/www.udap.cz\/wp-content\/uploads\/2022\/01\/cropped-20220120_170847-scaled-e1642696208270.jpg","width":1499,"height":444,"caption":"udap"},"image":{"@id":"https:\/\/www.udap.cz\/#\/schema\/logo\/image\/"},"sameAs":["https:\/\/cs.wikipedia.org"]}]}},"_links":{"self":[{"href":"https:\/\/www.udap.cz\/index.php?rest_route=\/wp\/v2\/pages\/21","targetHints":{"allow":["GET"]}}],"collection":[{"href":"https:\/\/www.udap.cz\/index.php?rest_route=\/wp\/v2\/pages"}],"about":[{"href":"https:\/\/www.udap.cz\/index.php?rest_route=\/wp\/v2\/types\/page"}],"author":[{"embeddable":true,"href":"https:\/\/www.udap.cz\/index.php?rest_route=\/wp\/v2\/users\/1"}],"replies":[{"embeddable":true,"href":"https:\/\/www.udap.cz\/index.php?rest_route=%2Fwp%2Fv2%2Fcomments&post=21"}],"version-history":[{"count":21,"href":"https:\/\/www.udap.cz\/index.php?rest_route=\/wp\/v2\/pages\/21\/revisions"}],"predecessor-version":[{"id":181,"href":"https:\/\/www.udap.cz\/index.php?rest_route=\/wp\/v2\/pages\/21\/revisions\/181"}],"wp:attachment":[{"href":"https:\/\/www.udap.cz\/index.php?rest_route=%2Fwp%2Fv2%2Fmedia&parent=21"}],"curies":[{"name":"wp","href":"https:\/\/api.w.org\/{rel}","templated":true}]}}