{"id":18,"date":"2022-01-20T16:27:52","date_gmt":"2022-01-20T16:27:52","guid":{"rendered":"https:\/\/www.udap.cz\/?page_id=18"},"modified":"2022-04-09T18:11:56","modified_gmt":"2022-04-09T18:11:56","slug":"dane","status":"publish","type":"page","link":"https:\/\/www.udap.cz\/?page_id=18","title":{"rendered":"Dan\u011b"},"content":{"rendered":"\n<p><strong><u>Dan\u011b<\/u><\/strong><\/p>\n\n\n\n<ul class=\"wp-block-list\"><li>Da\u0148 z\u00a0p\u0159\u00edjmu pr\u00e1vnick\u00fdch osob<\/li><li>Da\u0148 z\u00a0p\u0159\u00edjmu fyzick\u00fdch osob (osoba podnikaj\u00edc\u00ed OSV\u010c)<\/li><li>Da\u0148 z\u00a0p\u0159\u00edjmu fyzick\u00fdch osob (osoba nepodnikaj\u00edc\u00ed)<\/li><li>Silni\u010dn\u00ed da\u0148<\/li><li>Da\u0148 z\u00a0p\u0159idan\u00e9 hodnoty<\/li><li>Kontroln\u00ed hl\u00e1\u0161en\u00ed<\/li><li>Souhrnn\u00e9 hl\u00e1\u0161en\u00ed<\/li><li>Da\u0148 z\u00a0p\u0159\u00edjmu fyzick\u00fdch osob \u2013 p\u0159\u00edjmy ze zahrani\u010d\u00ed<\/li><\/ul>\n","protected":false},"excerpt":{"rendered":"<p>Dan\u011b Da\u0148 z\u00a0p\u0159\u00edjmu pr\u00e1vnick\u00fdch osob Da\u0148 z\u00a0p\u0159\u00edjmu fyzick\u00fdch osob (osoba podnikaj\u00edc\u00ed OSV\u010c) Da\u0148 z\u00a0p\u0159\u00edjmu fyzick\u00fdch osob (osoba nepodnikaj\u00edc\u00ed) Silni\u010dn\u00ed da\u0148 Da\u0148 z\u00a0p\u0159idan\u00e9 hodnoty Kontroln\u00ed hl\u00e1\u0161en\u00ed Souhrnn\u00e9 hl\u00e1\u0161en\u00ed Da\u0148 z\u00a0p\u0159\u00edjmu fyzick\u00fdch osob \u2013 p\u0159\u00edjmy ze zahrani\u010d\u00ed<\/p>\n","protected":false},"author":1,"featured_media":0,"parent":0,"menu_order":0,"comment_status":"closed","ping_status":"closed","template":"","meta":{"_mi_skip_tracking":false,"footnotes":""},"class_list":["post-18","page","type-page","status-publish","hentry"],"yoast_head":"<!-- This site is optimized with the Yoast SEO plugin v27.4 - https:\/\/yoast.com\/product\/yoast-seo-wordpress\/ -->\n<title>Dan\u011b -<\/title>\n<meta name=\"robots\" content=\"index, follow, max-snippet:-1, max-image-preview:large, max-video-preview:-1\" \/>\n<link rel=\"canonical\" href=\"https:\/\/www.udap.cz\/?page_id=18\" \/>\n<meta property=\"og:locale\" content=\"cs_CZ\" \/>\n<meta property=\"og:type\" content=\"article\" \/>\n<meta property=\"og:title\" content=\"Dan\u011b -\" \/>\n<meta property=\"og:description\" content=\"Dan\u011b Da\u0148 z\u00a0p\u0159\u00edjmu pr\u00e1vnick\u00fdch osob Da\u0148 z\u00a0p\u0159\u00edjmu fyzick\u00fdch osob (osoba podnikaj\u00edc\u00ed OSV\u010c) Da\u0148 z\u00a0p\u0159\u00edjmu fyzick\u00fdch osob (osoba nepodnikaj\u00edc\u00ed) Silni\u010dn\u00ed da\u0148 Da\u0148 z\u00a0p\u0159idan\u00e9 hodnoty Kontroln\u00ed hl\u00e1\u0161en\u00ed Souhrnn\u00e9 hl\u00e1\u0161en\u00ed Da\u0148 z\u00a0p\u0159\u00edjmu fyzick\u00fdch osob \u2013 p\u0159\u00edjmy ze zahrani\u010d\u00ed\" \/>\n<meta property=\"og:url\" content=\"https:\/\/www.udap.cz\/?page_id=18\" \/>\n<meta property=\"article:modified_time\" content=\"2022-04-09T18:11:56+00:00\" \/>\n<meta name=\"twitter:card\" content=\"summary_large_image\" \/>\n<meta name=\"twitter:label1\" content=\"Odhadovan\u00e1 doba \u010dten\u00ed\" \/>\n\t<meta name=\"twitter:data1\" content=\"1 minuta\" \/>\n<script type=\"application\/ld+json\" class=\"yoast-schema-graph\">{\"@context\":\"https:\\\/\\\/schema.org\",\"@graph\":[{\"@type\":\"WebPage\",\"@id\":\"https:\\\/\\\/www.udap.cz\\\/?page_id=18\",\"url\":\"https:\\\/\\\/www.udap.cz\\\/?page_id=18\",\"name\":\"Dan\u011b -\",\"isPartOf\":{\"@id\":\"https:\\\/\\\/www.udap.cz\\\/#website\"},\"datePublished\":\"2022-01-20T16:27:52+00:00\",\"dateModified\":\"2022-04-09T18:11:56+00:00\",\"breadcrumb\":{\"@id\":\"https:\\\/\\\/www.udap.cz\\\/?page_id=18#breadcrumb\"},\"inLanguage\":\"cs\",\"potentialAction\":[{\"@type\":\"ReadAction\",\"target\":[\"https:\\\/\\\/www.udap.cz\\\/?page_id=18\"]}]},{\"@type\":\"BreadcrumbList\",\"@id\":\"https:\\\/\\\/www.udap.cz\\\/?page_id=18#breadcrumb\",\"itemListElement\":[{\"@type\":\"ListItem\",\"position\":1,\"name\":\"Dom\u016f\",\"item\":\"https:\\\/\\\/www.udap.cz\\\/\"},{\"@type\":\"ListItem\",\"position\":2,\"name\":\"Dan\u011b\"}]},{\"@type\":\"WebSite\",\"@id\":\"https:\\\/\\\/www.udap.cz\\\/#website\",\"url\":\"https:\\\/\\\/www.udap.cz\\\/\",\"name\":\"\",\"description\":\"Kde je v\u016fle, tam je cesta...\",\"publisher\":{\"@id\":\"https:\\\/\\\/www.udap.cz\\\/#organization\"},\"potentialAction\":[{\"@type\":\"SearchAction\",\"target\":{\"@type\":\"EntryPoint\",\"urlTemplate\":\"https:\\\/\\\/www.udap.cz\\\/?s={search_term_string}\"},\"query-input\":{\"@type\":\"PropertyValueSpecification\",\"valueRequired\":true,\"valueName\":\"search_term_string\"}}],\"inLanguage\":\"cs\"},{\"@type\":\"Organization\",\"@id\":\"https:\\\/\\\/www.udap.cz\\\/#organization\",\"name\":\"udap\",\"url\":\"https:\\\/\\\/www.udap.cz\\\/\",\"logo\":{\"@type\":\"ImageObject\",\"inLanguage\":\"cs\",\"@id\":\"https:\\\/\\\/www.udap.cz\\\/#\\\/schema\\\/logo\\\/image\\\/\",\"url\":\"https:\\\/\\\/www.udap.cz\\\/wp-content\\\/uploads\\\/2022\\\/01\\\/cropped-20220120_170847-scaled-e1642696208270.jpg\",\"contentUrl\":\"https:\\\/\\\/www.udap.cz\\\/wp-content\\\/uploads\\\/2022\\\/01\\\/cropped-20220120_170847-scaled-e1642696208270.jpg\",\"width\":1499,\"height\":444,\"caption\":\"udap\"},\"image\":{\"@id\":\"https:\\\/\\\/www.udap.cz\\\/#\\\/schema\\\/logo\\\/image\\\/\"},\"sameAs\":[\"https:\\\/\\\/cs.wikipedia.org\"]}]}<\/script>\n<!-- \/ Yoast SEO plugin. -->","yoast_head_json":{"title":"Dan\u011b -","robots":{"index":"index","follow":"follow","max-snippet":"max-snippet:-1","max-image-preview":"max-image-preview:large","max-video-preview":"max-video-preview:-1"},"canonical":"https:\/\/www.udap.cz\/?page_id=18","og_locale":"cs_CZ","og_type":"article","og_title":"Dan\u011b -","og_description":"Dan\u011b Da\u0148 z\u00a0p\u0159\u00edjmu pr\u00e1vnick\u00fdch osob Da\u0148 z\u00a0p\u0159\u00edjmu fyzick\u00fdch osob (osoba podnikaj\u00edc\u00ed OSV\u010c) Da\u0148 z\u00a0p\u0159\u00edjmu fyzick\u00fdch osob (osoba nepodnikaj\u00edc\u00ed) Silni\u010dn\u00ed da\u0148 Da\u0148 z\u00a0p\u0159idan\u00e9 hodnoty Kontroln\u00ed hl\u00e1\u0161en\u00ed Souhrnn\u00e9 hl\u00e1\u0161en\u00ed Da\u0148 z\u00a0p\u0159\u00edjmu fyzick\u00fdch osob \u2013 p\u0159\u00edjmy ze zahrani\u010d\u00ed","og_url":"https:\/\/www.udap.cz\/?page_id=18","article_modified_time":"2022-04-09T18:11:56+00:00","twitter_card":"summary_large_image","twitter_misc":{"Odhadovan\u00e1 doba \u010dten\u00ed":"1 minuta"},"schema":{"@context":"https:\/\/schema.org","@graph":[{"@type":"WebPage","@id":"https:\/\/www.udap.cz\/?page_id=18","url":"https:\/\/www.udap.cz\/?page_id=18","name":"Dan\u011b -","isPartOf":{"@id":"https:\/\/www.udap.cz\/#website"},"datePublished":"2022-01-20T16:27:52+00:00","dateModified":"2022-04-09T18:11:56+00:00","breadcrumb":{"@id":"https:\/\/www.udap.cz\/?page_id=18#breadcrumb"},"inLanguage":"cs","potentialAction":[{"@type":"ReadAction","target":["https:\/\/www.udap.cz\/?page_id=18"]}]},{"@type":"BreadcrumbList","@id":"https:\/\/www.udap.cz\/?page_id=18#breadcrumb","itemListElement":[{"@type":"ListItem","position":1,"name":"Dom\u016f","item":"https:\/\/www.udap.cz\/"},{"@type":"ListItem","position":2,"name":"Dan\u011b"}]},{"@type":"WebSite","@id":"https:\/\/www.udap.cz\/#website","url":"https:\/\/www.udap.cz\/","name":"","description":"Kde je v\u016fle, tam je cesta...","publisher":{"@id":"https:\/\/www.udap.cz\/#organization"},"potentialAction":[{"@type":"SearchAction","target":{"@type":"EntryPoint","urlTemplate":"https:\/\/www.udap.cz\/?s={search_term_string}"},"query-input":{"@type":"PropertyValueSpecification","valueRequired":true,"valueName":"search_term_string"}}],"inLanguage":"cs"},{"@type":"Organization","@id":"https:\/\/www.udap.cz\/#organization","name":"udap","url":"https:\/\/www.udap.cz\/","logo":{"@type":"ImageObject","inLanguage":"cs","@id":"https:\/\/www.udap.cz\/#\/schema\/logo\/image\/","url":"https:\/\/www.udap.cz\/wp-content\/uploads\/2022\/01\/cropped-20220120_170847-scaled-e1642696208270.jpg","contentUrl":"https:\/\/www.udap.cz\/wp-content\/uploads\/2022\/01\/cropped-20220120_170847-scaled-e1642696208270.jpg","width":1499,"height":444,"caption":"udap"},"image":{"@id":"https:\/\/www.udap.cz\/#\/schema\/logo\/image\/"},"sameAs":["https:\/\/cs.wikipedia.org"]}]}},"_links":{"self":[{"href":"https:\/\/www.udap.cz\/index.php?rest_route=\/wp\/v2\/pages\/18","targetHints":{"allow":["GET"]}}],"collection":[{"href":"https:\/\/www.udap.cz\/index.php?rest_route=\/wp\/v2\/pages"}],"about":[{"href":"https:\/\/www.udap.cz\/index.php?rest_route=\/wp\/v2\/types\/page"}],"author":[{"embeddable":true,"href":"https:\/\/www.udap.cz\/index.php?rest_route=\/wp\/v2\/users\/1"}],"replies":[{"embeddable":true,"href":"https:\/\/www.udap.cz\/index.php?rest_route=%2Fwp%2Fv2%2Fcomments&post=18"}],"version-history":[{"count":8,"href":"https:\/\/www.udap.cz\/index.php?rest_route=\/wp\/v2\/pages\/18\/revisions"}],"predecessor-version":[{"id":124,"href":"https:\/\/www.udap.cz\/index.php?rest_route=\/wp\/v2\/pages\/18\/revisions\/124"}],"wp:attachment":[{"href":"https:\/\/www.udap.cz\/index.php?rest_route=%2Fwp%2Fv2%2Fmedia&parent=18"}],"curies":[{"name":"wp","href":"https:\/\/api.w.org\/{rel}","templated":true}]}}