{"id":17,"date":"2022-01-20T16:27:52","date_gmt":"2022-01-20T16:27:52","guid":{"rendered":"https:\/\/www.udap.cz\/?page_id=17"},"modified":"2022-01-27T19:11:48","modified_gmt":"2022-01-27T19:11:48","slug":"ucetnictvi","status":"publish","type":"page","link":"https:\/\/www.udap.cz\/?page_id=17","title":{"rendered":"\u00da\u010detnictv\u00ed"},"content":{"rendered":"\n<p><strong><u>\u00da\u010detnictv\u00ed<\/u><\/strong><\/p>\n\n\n\n<ul class=\"wp-block-list\"><li>Jednoduch\u00e9 \u00fa\u010detnictv\u00ed &#8211; p\u0159\u00edjmy a v\u00fddaje<\/li><li>Podvojn\u00e9 \u00fa\u010detnictv\u00ed &#8211; faktury vydan\u00e9, p\u0159ijat\u00e9, banka, pokladna, intern\u00ed p\u0159e\u00fa\u010dtov\u00e1n\u00ed, ostatn\u00ed pohled\u00e1vky a z\u00e1vazky<\/li><li>Z\u00e1v\u011brkov\u00e9 ro\u010dn\u00ed operace &#8211; inventarizace, odsouhlasen\u00ed pohled\u00e1vek a z\u00e1vazk\u016f, zve\u0159ejn\u011bn\u00ed v\u00fdkaz\u016f na port\u00e1l Justice.cz<\/li><li>Zpracov\u00e1n\u00ed m\u011bs\u00ed\u010dn\u00edch z\u00e1v\u011brek<\/li><li>Zpracov\u00e1n\u00ed p\u0159\u00edlohy k&nbsp;\u00fa\u010detn\u00ed z\u00e1v\u011brce<\/li><li>Z\u00e1pisy z&nbsp;valn\u00e9 hromady v&nbsp;r\u00e1mci ro\u010dn\u00edch z\u00e1v\u011brek<\/li><li>Zpracov\u00e1n\u00ed rozvahy a v\u00fdkazu zisku a ztr\u00e1t<\/li><\/ul>\n\n\n\n<p><strong><u>Administrativa<\/u><\/strong><\/p>\n\n\n\n<ul class=\"wp-block-list\"><li>T\u0159\u00edd\u011bn\u00ed doklad\u016f<\/li><li>Kopie pot\u0159ebn\u00fdch doklad\u016f<\/li><li>Tisk doklad\u016f<\/li><\/ul>\n","protected":false},"excerpt":{"rendered":"<p>\u00da\u010detnictv\u00ed Jednoduch\u00e9 \u00fa\u010detnictv\u00ed &#8211; p\u0159\u00edjmy a v\u00fddaje Podvojn\u00e9 \u00fa\u010detnictv\u00ed &#8211; faktury vydan\u00e9, p\u0159ijat\u00e9, banka, pokladna, intern\u00ed p\u0159e\u00fa\u010dtov\u00e1n\u00ed, ostatn\u00ed pohled\u00e1vky a z\u00e1vazky Z\u00e1v\u011brkov\u00e9 ro\u010dn\u00ed operace &#8211; inventarizace, odsouhlasen\u00ed pohled\u00e1vek a z\u00e1vazk\u016f, zve\u0159ejn\u011bn\u00ed v\u00fdkaz\u016f na port\u00e1l Justice.cz Zpracov\u00e1n\u00ed m\u011bs\u00ed\u010dn\u00edch z\u00e1v\u011brek Zpracov\u00e1n\u00ed p\u0159\u00edlohy k&nbsp;\u00fa\u010detn\u00ed z\u00e1v\u011brce Z\u00e1pisy z&nbsp;valn\u00e9 hromady v&nbsp;r\u00e1mci ro\u010dn\u00edch z\u00e1v\u011brek Zpracov\u00e1n\u00ed rozvahy a v\u00fdkazu zisku a ztr\u00e1t <a href=\"https:\/\/www.udap.cz\/?page_id=17\" class=\"read-more inline\">Read More<\/a><\/p>\n","protected":false},"author":1,"featured_media":0,"parent":0,"menu_order":0,"comment_status":"closed","ping_status":"closed","template":"","meta":{"_mi_skip_tracking":false,"footnotes":""},"class_list":["post-17","page","type-page","status-publish","hentry"],"yoast_head":"<!-- This site is optimized with the Yoast SEO plugin v27.4 - https:\/\/yoast.com\/product\/yoast-seo-wordpress\/ -->\n<title>\u00da\u010detnictv\u00ed -<\/title>\n<meta name=\"robots\" content=\"index, follow, max-snippet:-1, max-image-preview:large, max-video-preview:-1\" \/>\n<link rel=\"canonical\" href=\"https:\/\/www.udap.cz\/?page_id=17\" \/>\n<meta property=\"og:locale\" content=\"cs_CZ\" \/>\n<meta property=\"og:type\" content=\"article\" \/>\n<meta property=\"og:title\" content=\"\u00da\u010detnictv\u00ed -\" \/>\n<meta property=\"og:description\" content=\"\u00da\u010detnictv\u00ed Jednoduch\u00e9 \u00fa\u010detnictv\u00ed &#8211; p\u0159\u00edjmy a v\u00fddaje Podvojn\u00e9 \u00fa\u010detnictv\u00ed &#8211; faktury vydan\u00e9, p\u0159ijat\u00e9, banka, pokladna, intern\u00ed p\u0159e\u00fa\u010dtov\u00e1n\u00ed, ostatn\u00ed pohled\u00e1vky a z\u00e1vazky Z\u00e1v\u011brkov\u00e9 ro\u010dn\u00ed operace &#8211; inventarizace, odsouhlasen\u00ed pohled\u00e1vek a z\u00e1vazk\u016f, zve\u0159ejn\u011bn\u00ed v\u00fdkaz\u016f na port\u00e1l Justice.cz Zpracov\u00e1n\u00ed m\u011bs\u00ed\u010dn\u00edch z\u00e1v\u011brek Zpracov\u00e1n\u00ed p\u0159\u00edlohy k&nbsp;\u00fa\u010detn\u00ed z\u00e1v\u011brce Z\u00e1pisy z&nbsp;valn\u00e9 hromady v&nbsp;r\u00e1mci ro\u010dn\u00edch z\u00e1v\u011brek Zpracov\u00e1n\u00ed rozvahy a v\u00fdkazu zisku a ztr\u00e1t Read More\" \/>\n<meta property=\"og:url\" content=\"https:\/\/www.udap.cz\/?page_id=17\" \/>\n<meta property=\"article:modified_time\" content=\"2022-01-27T19:11:48+00:00\" \/>\n<meta name=\"twitter:card\" content=\"summary_large_image\" \/>\n<meta name=\"twitter:label1\" content=\"Odhadovan\u00e1 doba \u010dten\u00ed\" \/>\n\t<meta name=\"twitter:data1\" content=\"1 minuta\" \/>\n<script type=\"application\/ld+json\" class=\"yoast-schema-graph\">{\"@context\":\"https:\\\/\\\/schema.org\",\"@graph\":[{\"@type\":\"WebPage\",\"@id\":\"https:\\\/\\\/www.udap.cz\\\/?page_id=17\",\"url\":\"https:\\\/\\\/www.udap.cz\\\/?page_id=17\",\"name\":\"\u00da\u010detnictv\u00ed -\",\"isPartOf\":{\"@id\":\"https:\\\/\\\/www.udap.cz\\\/#website\"},\"datePublished\":\"2022-01-20T16:27:52+00:00\",\"dateModified\":\"2022-01-27T19:11:48+00:00\",\"breadcrumb\":{\"@id\":\"https:\\\/\\\/www.udap.cz\\\/?page_id=17#breadcrumb\"},\"inLanguage\":\"cs\",\"potentialAction\":[{\"@type\":\"ReadAction\",\"target\":[\"https:\\\/\\\/www.udap.cz\\\/?page_id=17\"]}]},{\"@type\":\"BreadcrumbList\",\"@id\":\"https:\\\/\\\/www.udap.cz\\\/?page_id=17#breadcrumb\",\"itemListElement\":[{\"@type\":\"ListItem\",\"position\":1,\"name\":\"Dom\u016f\",\"item\":\"https:\\\/\\\/www.udap.cz\\\/\"},{\"@type\":\"ListItem\",\"position\":2,\"name\":\"\u00da\u010detnictv\u00ed\"}]},{\"@type\":\"WebSite\",\"@id\":\"https:\\\/\\\/www.udap.cz\\\/#website\",\"url\":\"https:\\\/\\\/www.udap.cz\\\/\",\"name\":\"\",\"description\":\"Kde je v\u016fle, tam je cesta...\",\"publisher\":{\"@id\":\"https:\\\/\\\/www.udap.cz\\\/#organization\"},\"potentialAction\":[{\"@type\":\"SearchAction\",\"target\":{\"@type\":\"EntryPoint\",\"urlTemplate\":\"https:\\\/\\\/www.udap.cz\\\/?s={search_term_string}\"},\"query-input\":{\"@type\":\"PropertyValueSpecification\",\"valueRequired\":true,\"valueName\":\"search_term_string\"}}],\"inLanguage\":\"cs\"},{\"@type\":\"Organization\",\"@id\":\"https:\\\/\\\/www.udap.cz\\\/#organization\",\"name\":\"udap\",\"url\":\"https:\\\/\\\/www.udap.cz\\\/\",\"logo\":{\"@type\":\"ImageObject\",\"inLanguage\":\"cs\",\"@id\":\"https:\\\/\\\/www.udap.cz\\\/#\\\/schema\\\/logo\\\/image\\\/\",\"url\":\"https:\\\/\\\/www.udap.cz\\\/wp-content\\\/uploads\\\/2022\\\/01\\\/cropped-20220120_170847-scaled-e1642696208270.jpg\",\"contentUrl\":\"https:\\\/\\\/www.udap.cz\\\/wp-content\\\/uploads\\\/2022\\\/01\\\/cropped-20220120_170847-scaled-e1642696208270.jpg\",\"width\":1499,\"height\":444,\"caption\":\"udap\"},\"image\":{\"@id\":\"https:\\\/\\\/www.udap.cz\\\/#\\\/schema\\\/logo\\\/image\\\/\"},\"sameAs\":[\"https:\\\/\\\/cs.wikipedia.org\"]}]}<\/script>\n<!-- \/ Yoast SEO plugin. -->","yoast_head_json":{"title":"\u00da\u010detnictv\u00ed -","robots":{"index":"index","follow":"follow","max-snippet":"max-snippet:-1","max-image-preview":"max-image-preview:large","max-video-preview":"max-video-preview:-1"},"canonical":"https:\/\/www.udap.cz\/?page_id=17","og_locale":"cs_CZ","og_type":"article","og_title":"\u00da\u010detnictv\u00ed -","og_description":"\u00da\u010detnictv\u00ed Jednoduch\u00e9 \u00fa\u010detnictv\u00ed &#8211; p\u0159\u00edjmy a v\u00fddaje Podvojn\u00e9 \u00fa\u010detnictv\u00ed &#8211; faktury vydan\u00e9, p\u0159ijat\u00e9, banka, pokladna, intern\u00ed p\u0159e\u00fa\u010dtov\u00e1n\u00ed, ostatn\u00ed pohled\u00e1vky a z\u00e1vazky Z\u00e1v\u011brkov\u00e9 ro\u010dn\u00ed operace &#8211; inventarizace, odsouhlasen\u00ed pohled\u00e1vek a z\u00e1vazk\u016f, zve\u0159ejn\u011bn\u00ed v\u00fdkaz\u016f na port\u00e1l Justice.cz Zpracov\u00e1n\u00ed m\u011bs\u00ed\u010dn\u00edch z\u00e1v\u011brek Zpracov\u00e1n\u00ed p\u0159\u00edlohy k&nbsp;\u00fa\u010detn\u00ed z\u00e1v\u011brce Z\u00e1pisy z&nbsp;valn\u00e9 hromady v&nbsp;r\u00e1mci ro\u010dn\u00edch z\u00e1v\u011brek Zpracov\u00e1n\u00ed rozvahy a v\u00fdkazu zisku a ztr\u00e1t Read More","og_url":"https:\/\/www.udap.cz\/?page_id=17","article_modified_time":"2022-01-27T19:11:48+00:00","twitter_card":"summary_large_image","twitter_misc":{"Odhadovan\u00e1 doba \u010dten\u00ed":"1 minuta"},"schema":{"@context":"https:\/\/schema.org","@graph":[{"@type":"WebPage","@id":"https:\/\/www.udap.cz\/?page_id=17","url":"https:\/\/www.udap.cz\/?page_id=17","name":"\u00da\u010detnictv\u00ed -","isPartOf":{"@id":"https:\/\/www.udap.cz\/#website"},"datePublished":"2022-01-20T16:27:52+00:00","dateModified":"2022-01-27T19:11:48+00:00","breadcrumb":{"@id":"https:\/\/www.udap.cz\/?page_id=17#breadcrumb"},"inLanguage":"cs","potentialAction":[{"@type":"ReadAction","target":["https:\/\/www.udap.cz\/?page_id=17"]}]},{"@type":"BreadcrumbList","@id":"https:\/\/www.udap.cz\/?page_id=17#breadcrumb","itemListElement":[{"@type":"ListItem","position":1,"name":"Dom\u016f","item":"https:\/\/www.udap.cz\/"},{"@type":"ListItem","position":2,"name":"\u00da\u010detnictv\u00ed"}]},{"@type":"WebSite","@id":"https:\/\/www.udap.cz\/#website","url":"https:\/\/www.udap.cz\/","name":"","description":"Kde je v\u016fle, tam je cesta...","publisher":{"@id":"https:\/\/www.udap.cz\/#organization"},"potentialAction":[{"@type":"SearchAction","target":{"@type":"EntryPoint","urlTemplate":"https:\/\/www.udap.cz\/?s={search_term_string}"},"query-input":{"@type":"PropertyValueSpecification","valueRequired":true,"valueName":"search_term_string"}}],"inLanguage":"cs"},{"@type":"Organization","@id":"https:\/\/www.udap.cz\/#organization","name":"udap","url":"https:\/\/www.udap.cz\/","logo":{"@type":"ImageObject","inLanguage":"cs","@id":"https:\/\/www.udap.cz\/#\/schema\/logo\/image\/","url":"https:\/\/www.udap.cz\/wp-content\/uploads\/2022\/01\/cropped-20220120_170847-scaled-e1642696208270.jpg","contentUrl":"https:\/\/www.udap.cz\/wp-content\/uploads\/2022\/01\/cropped-20220120_170847-scaled-e1642696208270.jpg","width":1499,"height":444,"caption":"udap"},"image":{"@id":"https:\/\/www.udap.cz\/#\/schema\/logo\/image\/"},"sameAs":["https:\/\/cs.wikipedia.org"]}]}},"_links":{"self":[{"href":"https:\/\/www.udap.cz\/index.php?rest_route=\/wp\/v2\/pages\/17","targetHints":{"allow":["GET"]}}],"collection":[{"href":"https:\/\/www.udap.cz\/index.php?rest_route=\/wp\/v2\/pages"}],"about":[{"href":"https:\/\/www.udap.cz\/index.php?rest_route=\/wp\/v2\/types\/page"}],"author":[{"embeddable":true,"href":"https:\/\/www.udap.cz\/index.php?rest_route=\/wp\/v2\/users\/1"}],"replies":[{"embeddable":true,"href":"https:\/\/www.udap.cz\/index.php?rest_route=%2Fwp%2Fv2%2Fcomments&post=17"}],"version-history":[{"count":6,"href":"https:\/\/www.udap.cz\/index.php?rest_route=\/wp\/v2\/pages\/17\/revisions"}],"predecessor-version":[{"id":111,"href":"https:\/\/www.udap.cz\/index.php?rest_route=\/wp\/v2\/pages\/17\/revisions\/111"}],"wp:attachment":[{"href":"https:\/\/www.udap.cz\/index.php?rest_route=%2Fwp%2Fv2%2Fmedia&parent=17"}],"curies":[{"name":"wp","href":"https:\/\/api.w.org\/{rel}","templated":true}]}}